{"id":75,"date":"2020-12-03T14:30:31","date_gmt":"2020-12-03T13:30:31","guid":{"rendered":"https:\/\/unterpfarre.de\/?page_id=75"},"modified":"2021-06-28T18:14:21","modified_gmt":"2021-06-28T16:14:21","slug":"garten","status":"publish","type":"page","link":"https:\/\/unterpfarre.de\/?page_id=75","title":{"rendered":"Garten"},"content":{"rendered":"\t\t<div data-elementor-type=\"wp-page\" data-elementor-id=\"75\" class=\"elementor elementor-75\">\n\t\t\t\t\t\t<section class=\"elementor-section elementor-top-section elementor-element elementor-element-76bfa97 elementor-section-full_width elementor-section-stretched elementor-section-content-space-evenly elementor-section-height-full elementor-section-height-default elementor-section-items-middle\" data-id=\"76bfa97\" data-element_type=\"section\" data-settings=\"{&quot;background_background&quot;:&quot;classic&quot;,&quot;stretch_section&quot;:&quot;section-stretched&quot;}\">\n\t\t\t\t\t\t\t<div class=\"elementor-background-overlay\"><\/div>\n\t\t\t\t\t\t\t<div class=\"elementor-container elementor-column-gap-default\">\n\t\t\t\t\t<div class=\"elementor-column elementor-col-100 elementor-top-column elementor-element elementor-element-c4b406e\" data-id=\"c4b406e\" data-element_type=\"column\" data-settings=\"{&quot;background_background&quot;:&quot;classic&quot;}\">\n\t\t\t<div class=\"elementor-widget-wrap elementor-element-populated\">\n\t\t\t\t\t\t<div class=\"elementor-element elementor-element-29a6809 elementor-widget elementor-widget-heading\" data-id=\"29a6809\" data-element_type=\"widget\" data-widget_type=\"heading.default\">\n\t\t\t\t<div class=\"elementor-widget-container\">\n\t\t\t\t\t<h2 class=\"elementor-heading-title elementor-size-default\">der Garten<\/h2>\t\t\t\t<\/div>\n\t\t\t\t<\/div>\n\t\t\t\t<div class=\"elementor-element elementor-element-b66037e elementor-arrows-position-inside elementor-pagination-position-outside elementor-widget elementor-widget-image-carousel\" data-id=\"b66037e\" data-element_type=\"widget\" data-settings=\"{&quot;slides_to_show&quot;:&quot;1&quot;,&quot;navigation&quot;:&quot;both&quot;,&quot;autoplay&quot;:&quot;yes&quot;,&quot;pause_on_hover&quot;:&quot;yes&quot;,&quot;pause_on_interaction&quot;:&quot;yes&quot;,&quot;autoplay_speed&quot;:5000,&quot;infinite&quot;:&quot;yes&quot;,&quot;effect&quot;:&quot;slide&quot;,&quot;speed&quot;:500}\" data-widget_type=\"image-carousel.default\">\n\t\t\t\t<div class=\"elementor-widget-container\">\n\t\t\t\t\t\t\t<div class=\"elementor-image-carousel-wrapper swiper\" role=\"region\" aria-roledescription=\"carousel\" aria-label=\"Bild Karussell\" dir=\"ltr\">\n\t\t\t<div class=\"elementor-image-carousel swiper-wrapper\" aria-live=\"off\">\n\t\t\t\t\t\t\t\t<div class=\"swiper-slide\" role=\"group\" aria-roledescription=\"slide\" aria-label=\"1 von 10\"><a data-elementor-open-lightbox=\"yes\" data-elementor-lightbox-slideshow=\"b66037e\" data-elementor-lightbox-title=\"2021 06 23 Taglilie\" data-e-action-hash=\"#elementor-action%3Aaction%3Dlightbox%26settings%3DeyJpZCI6MTIwOCwidXJsIjoiaHR0cHM6XC9cL3VudGVycGZhcnJlLmRlXC93cC1jb250ZW50XC91cGxvYWRzXC8yMDIxXC8wNlwvMjAyMS0wNi0yMy1UYWdsaWxpZS5qcGciLCJzbGlkZXNob3ciOiJiNjYwMzdlIn0%3D\" href=\"https:\/\/unterpfarre.de\/wp-content\/uploads\/2021\/06\/2021-06-23-Taglilie.jpg\"><figure class=\"swiper-slide-inner\"><img decoding=\"async\" class=\"swiper-slide-image\" src=\"https:\/\/unterpfarre.de\/wp-content\/uploads\/elementor\/thumbs\/2021-06-23-Taglilie-p9c6ykntm3kiirv6c8rcaf68zm9c95w7wn0y88bdhc.jpg\" alt=\"Juni 21 Die alten Taglilien bl\u00fchen\" \/><figcaption class=\"elementor-image-carousel-caption\">Juni 21 Die alten Taglilien bl\u00fchen<\/figcaption><\/figure><\/a><\/div><div class=\"swiper-slide\" role=\"group\" aria-roledescription=\"slide\" aria-label=\"2 von 10\"><a data-elementor-open-lightbox=\"yes\" data-elementor-lightbox-slideshow=\"b66037e\" data-elementor-lightbox-title=\"2021 06 23 Ramblerrose wei\u00df\" data-e-action-hash=\"#elementor-action%3Aaction%3Dlightbox%26settings%3DeyJpZCI6MTIwNywidXJsIjoiaHR0cHM6XC9cL3VudGVycGZhcnJlLmRlXC93cC1jb250ZW50XC91cGxvYWRzXC8yMDIxXC8wNlwvMjAyMS0wNi0yMy1SYW1ibGVycm9zZS13ZWlzcy5qcGciLCJzbGlkZXNob3ciOiJiNjYwMzdlIn0%3D\" href=\"https:\/\/unterpfarre.de\/wp-content\/uploads\/2021\/06\/2021-06-23-Ramblerrose-weiss.jpg\"><figure class=\"swiper-slide-inner\"><img decoding=\"async\" class=\"swiper-slide-image\" src=\"https:\/\/unterpfarre.de\/wp-content\/uploads\/elementor\/thumbs\/2021-06-23-Ramblerrose-weiss-p9c6yhub1lgnjxz9spjgkxvv7gn8m2l0w92hsefk00.jpg\" alt=\"Juni 21 Die Ramblerrose hat sich eingelebt!\" \/><figcaption class=\"elementor-image-carousel-caption\">Juni 21 Die Ramblerrose hat sich eingelebt!<\/figcaption><\/figure><\/a><\/div><div class=\"swiper-slide\" role=\"group\" aria-roledescription=\"slide\" aria-label=\"3 von 10\"><a data-elementor-open-lightbox=\"yes\" data-elementor-lightbox-slideshow=\"b66037e\" data-elementor-lightbox-title=\"2021 06 23 Buschrose\" data-e-action-hash=\"#elementor-action%3Aaction%3Dlightbox%26settings%3DeyJpZCI6MTIwNSwidXJsIjoiaHR0cHM6XC9cL3VudGVycGZhcnJlLmRlXC93cC1jb250ZW50XC91cGxvYWRzXC8yMDIxXC8wNlwvMjAyMS0wNi0yMy1CdXNjaHJvc2UuanBnIiwic2xpZGVzaG93IjoiYjY2MDM3ZSJ9\" href=\"https:\/\/unterpfarre.de\/wp-content\/uploads\/2021\/06\/2021-06-23-Buschrose.jpg\"><figure class=\"swiper-slide-inner\"><img decoding=\"async\" class=\"swiper-slide-image\" src=\"https:\/\/unterpfarre.de\/wp-content\/uploads\/elementor\/thumbs\/2021-06-23-Buschrose-p9c6yc79wl8xma7gpn3p5zb3n5f1bvymvh5kwqnx1c.jpg\" alt=\"Juni 21 Buschrose\" \/><figcaption class=\"elementor-image-carousel-caption\">Juni 21 Buschrose<\/figcaption><\/figure><\/a><\/div><div class=\"swiper-slide\" role=\"group\" aria-roledescription=\"slide\" aria-label=\"4 von 10\"><a data-elementor-open-lightbox=\"yes\" data-elementor-lightbox-slideshow=\"b66037e\" data-elementor-lightbox-title=\"2021 06 23 Ramblerrose Pink\" data-e-action-hash=\"#elementor-action%3Aaction%3Dlightbox%26settings%3DeyJpZCI6MTIwNiwidXJsIjoiaHR0cHM6XC9cL3VudGVycGZhcnJlLmRlXC93cC1jb250ZW50XC91cGxvYWRzXC8yMDIxXC8wNlwvMjAyMS0wNi0yMy1SYW1ibGVycm9zZS1QaW5rLmpwZyIsInNsaWRlc2hvdyI6ImI2NjAzN2UifQ%3D%3D\" href=\"https:\/\/unterpfarre.de\/wp-content\/uploads\/2021\/06\/2021-06-23-Ramblerrose-Pink.jpg\"><figure class=\"swiper-slide-inner\"><img decoding=\"async\" class=\"swiper-slide-image\" src=\"https:\/\/unterpfarre.de\/wp-content\/uploads\/elementor\/thumbs\/2021-06-23-Ramblerrose-Pink-p9c6yfymnxe2wq203oq7fycy0owi6odk7zrituiccg.jpg\" alt=\"Juni 21 Ramblerrose in Pink\" \/><figcaption class=\"elementor-image-carousel-caption\">Ramblerrose in Pink<\/figcaption><\/figure><\/a><\/div><div class=\"swiper-slide\" role=\"group\" aria-roledescription=\"slide\" aria-label=\"5 von 10\"><a data-elementor-open-lightbox=\"yes\" data-elementor-lightbox-slideshow=\"b66037e\" data-elementor-lightbox-title=\"2021 06 16 Pfingstrose\" data-e-action-hash=\"#elementor-action%3Aaction%3Dlightbox%26settings%3DeyJpZCI6MTE3MiwidXJsIjoiaHR0cHM6XC9cL3VudGVycGZhcnJlLmRlXC93cC1jb250ZW50XC91cGxvYWRzXC8yMDIxXC8wNlwvMjAyMS0wNi0xNi1QZmluZ3N0cm9zZS5qcGciLCJzbGlkZXNob3ciOiJiNjYwMzdlIn0%3D\" href=\"https:\/\/unterpfarre.de\/wp-content\/uploads\/2021\/06\/2021-06-16-Pfingstrose.jpg\"><figure class=\"swiper-slide-inner\"><img decoding=\"async\" class=\"swiper-slide-image\" src=\"https:\/\/unterpfarre.de\/wp-content\/uploads\/elementor\/thumbs\/2021-06-16-Pfingstrose-p91neepre6cvrbttgtz8pixnv76uoq3txauhrkb5kw.jpg\" alt=\"Juni 21 die alte Pfingstrose bl\u00fcht\" \/><figcaption class=\"elementor-image-carousel-caption\">Juni 21 die alte Pfingstrose bl\u00fcht<\/figcaption><\/figure><\/a><\/div><div class=\"swiper-slide\" role=\"group\" aria-roledescription=\"slide\" aria-label=\"6 von 10\"><a data-elementor-open-lightbox=\"yes\" data-elementor-lightbox-slideshow=\"b66037e\" data-elementor-lightbox-title=\"2021 06 16 Fingerhut\" data-e-action-hash=\"#elementor-action%3Aaction%3Dlightbox%26settings%3DeyJpZCI6MTE3MSwidXJsIjoiaHR0cHM6XC9cL3VudGVycGZhcnJlLmRlXC93cC1jb250ZW50XC91cGxvYWRzXC8yMDIxXC8wNlwvMjAyMS0wNi0xNi1GaW5nZXJodXQuanBnIiwic2xpZGVzaG93IjoiYjY2MDM3ZSJ9\" href=\"https:\/\/unterpfarre.de\/wp-content\/uploads\/2021\/06\/2021-06-16-Fingerhut.jpg\"><figure class=\"swiper-slide-inner\"><img decoding=\"async\" class=\"swiper-slide-image\" src=\"https:\/\/unterpfarre.de\/wp-content\/uploads\/elementor\/thumbs\/2021-06-16-Fingerhut-p91ne84w2c3vi23dj94uq2lfpi3a6udpkea3emkwsg.jpg\" alt=\"Juni 21 die Fingerh\u00fcte haben sich vermehrt\" \/><figcaption class=\"elementor-image-carousel-caption\">Juni 21 die Fingerh\u00fcte haben sich vermehrt<\/figcaption><\/figure><\/a><\/div><div class=\"swiper-slide\" role=\"group\" aria-roledescription=\"slide\" aria-label=\"7 von 10\"><a data-elementor-open-lightbox=\"yes\" data-elementor-lightbox-slideshow=\"b66037e\" data-elementor-lightbox-title=\"2021 04 28 Mirabellenbl\u00fcte\" data-e-action-hash=\"#elementor-action%3Aaction%3Dlightbox%26settings%3DeyJpZCI6MTAyMSwidXJsIjoiaHR0cHM6XC9cL3VudGVycGZhcnJlLmRlXC93cC1jb250ZW50XC91cGxvYWRzXC8yMDIxXC8wNVwvMjAyMS0wNC0yOC1NaXJhYmVsbGVuYmx1ZXRlLXNjYWxlZC5qcGciLCJzbGlkZXNob3ciOiJiNjYwMzdlIn0%3D\" href=\"https:\/\/unterpfarre.de\/wp-content\/uploads\/2021\/05\/2021-04-28-Mirabellenbluete-scaled.jpg\"><figure class=\"swiper-slide-inner\"><img decoding=\"async\" class=\"swiper-slide-image\" src=\"https:\/\/unterpfarre.de\/wp-content\/uploads\/elementor\/thumbs\/2021-04-28-Mirabellenbluete-scaled-p6modp2k21oc7z53wew5z71nexinugkktdfyymi3nk.jpg\" alt=\"April 21 - hurra, der neu gepflanzte Mirabellenbaum bl\u00fcht!\" \/><figcaption class=\"elementor-image-carousel-caption\">April 21 - hurra, der neu gepflanzte Mirabellenbaum bl\u00fcht!<\/figcaption><\/figure><\/a><\/div><div class=\"swiper-slide\" role=\"group\" aria-roledescription=\"slide\" aria-label=\"8 von 10\"><a data-elementor-open-lightbox=\"yes\" data-elementor-lightbox-slideshow=\"b66037e\" data-elementor-lightbox-title=\"2021 04 22 Eidechsenmauer\" data-e-action-hash=\"#elementor-action%3Aaction%3Dlightbox%26settings%3DeyJpZCI6MTAwMCwidXJsIjoiaHR0cHM6XC9cL3VudGVycGZhcnJlLmRlXC93cC1jb250ZW50XC91cGxvYWRzXC8yMDIxXC8wNFwvMjAyMS0wNC0yMi1FaWRlY2hzZW5tYXVlci5qcGciLCJzbGlkZXNob3ciOiJiNjYwMzdlIn0%3D\" href=\"https:\/\/unterpfarre.de\/wp-content\/uploads\/2021\/04\/2021-04-22-Eidechsenmauer.jpg\"><figure class=\"swiper-slide-inner\"><img decoding=\"async\" class=\"swiper-slide-image\" src=\"https:\/\/unterpfarre.de\/wp-content\/uploads\/elementor\/thumbs\/2021-04-22-Eidechsenmauer-p68uprtrwg4lar0qb5nrv7spdytoptli9sa27qmcxs.jpg\" alt=\"April 21 die Eidechsenmauer entsteht\" \/><figcaption class=\"elementor-image-carousel-caption\">April 21 die Eidechsenmauer entsteht<\/figcaption><\/figure><\/a><\/div><div class=\"swiper-slide\" role=\"group\" aria-roledescription=\"slide\" aria-label=\"9 von 10\"><a data-elementor-open-lightbox=\"yes\" data-elementor-lightbox-slideshow=\"b66037e\" data-elementor-lightbox-title=\"2020 09 Garten\" data-e-action-hash=\"#elementor-action%3Aaction%3Dlightbox%26settings%3DeyJpZCI6NjUxLCJ1cmwiOiJodHRwczpcL1wvdW50ZXJwZmFycmUuZGVcL3dwLWNvbnRlbnRcL3VwbG9hZHNcLzIwMjFcLzAyXC8yMDIwLTA5LUdhcnRlbi5qcGciLCJzbGlkZXNob3ciOiJiNjYwMzdlIn0%3D\" href=\"https:\/\/unterpfarre.de\/wp-content\/uploads\/2021\/02\/2020-09-Garten.jpg\"><figure class=\"swiper-slide-inner\"><img decoding=\"async\" class=\"swiper-slide-image\" src=\"https:\/\/unterpfarre.de\/wp-content\/uploads\/elementor\/thumbs\/2020-09-Garten-p2wxsuqrjl179j598sowm46az9ls9uym71xmy0z2tc.jpg\" alt=\"Herbst 2020\" \/><figcaption class=\"elementor-image-carousel-caption\">Herbst 2020<\/figcaption><\/figure><\/a><\/div><div class=\"swiper-slide\" role=\"group\" aria-roledescription=\"slide\" aria-label=\"10 von 10\"><a data-elementor-open-lightbox=\"yes\" data-elementor-lightbox-slideshow=\"b66037e\" data-elementor-lightbox-title=\"2020 04 Garten\" data-e-action-hash=\"#elementor-action%3Aaction%3Dlightbox%26settings%3DeyJpZCI6NjUwLCJ1cmwiOiJodHRwczpcL1wvdW50ZXJwZmFycmUuZGVcL3dwLWNvbnRlbnRcL3VwbG9hZHNcLzIwMjFcLzAyXC8yMDIwLTA0LUdhcnRlbi5qcGciLCJzbGlkZXNob3ciOiJiNjYwMzdlIn0%3D\" href=\"https:\/\/unterpfarre.de\/wp-content\/uploads\/2021\/02\/2020-04-Garten.jpg\"><figure class=\"swiper-slide-inner\"><img decoding=\"async\" class=\"swiper-slide-image\" src=\"https:\/\/unterpfarre.de\/wp-content\/uploads\/elementor\/thumbs\/2020-04-Garten-p2wxso5w7qs709etb7uimnu2tki7rz8hu5d8l38u0w.jpg\" alt=\"Fr\u00fchjahr 2020\" \/><figcaption class=\"elementor-image-carousel-caption\">Fr\u00fchjahr 2020<\/figcaption><\/figure><\/a><\/div>\t\t\t<\/div>\n\t\t\t\t\t\t\t\t\t\t\t\t<div class=\"elementor-swiper-button elementor-swiper-button-prev\" role=\"button\" tabindex=\"0\">\n\t\t\t\t\t\t<i aria-hidden=\"true\" class=\"eicon-chevron-left\"><\/i>\t\t\t\t\t<\/div>\n\t\t\t\t\t<div class=\"elementor-swiper-button elementor-swiper-button-next\" role=\"button\" tabindex=\"0\">\n\t\t\t\t\t\t<i aria-hidden=\"true\" class=\"eicon-chevron-right\"><\/i>\t\t\t\t\t<\/div>\n\t\t\t\t\n\t\t\t\t\t\t\t\t\t<div class=\"swiper-pagination\"><\/div>\n\t\t\t\t\t\t\t\t\t<\/div>\n\t\t\t\t\t\t<\/div>\n\t\t\t\t<\/div>\n\t\t\t\t\t<\/div>\n\t\t<\/div>\n\t\t\t\t\t<\/div>\n\t\t<\/section>\n\t\t\t\t<section class=\"elementor-section elementor-top-section elementor-element elementor-element-22167e2f elementor-reverse-mobile elementor-section-boxed elementor-section-height-default elementor-section-height-default\" data-id=\"22167e2f\" data-element_type=\"section\" data-settings=\"{&quot;background_background&quot;:&quot;classic&quot;}\">\n\t\t\t\t\t\t\t<div class=\"elementor-background-overlay\"><\/div>\n\t\t\t\t\t\t\t<div class=\"elementor-container elementor-column-gap-default\">\n\t\t\t\t\t<div class=\"elementor-column elementor-col-100 elementor-top-column elementor-element elementor-element-28da2e6\" data-id=\"28da2e6\" data-element_type=\"column\">\n\t\t\t<div class=\"elementor-widget-wrap\">\n\t\t\t\t\t\t\t<\/div>\n\t\t<\/div>\n\t\t\t\t\t<\/div>\n\t\t<\/section>\n\t\t\t\t<\/div>\n\t\t","protected":false},"excerpt":{"rendered":"<p>der Garten Juni 21 Die alten Taglilien bl\u00fchen Juni 21 Die Ramblerrose hat sich eingelebt! Juni 21 Buschrose Ramblerrose in Pink Juni 21 die alte Pfingstrose bl\u00fcht Juni 21 die Fingerh\u00fcte haben sich vermehrt April 21 &#8211; hurra, der neu gepflanzte Mirabellenbaum bl\u00fcht! April 21 die Eidechsenmauer entsteht Herbst 2020 Fr\u00fchjahr 2020 Zur\u00fcck Weiter<\/p>\n","protected":false},"author":1,"featured_media":0,"parent":0,"menu_order":0,"comment_status":"closed","ping_status":"closed","template":"","meta":{"ocean_post_layout":"full-screen","ocean_both_sidebars_style":"","ocean_both_sidebars_content_width":0,"ocean_both_sidebars_sidebars_width":0,"ocean_sidebar":"0","ocean_second_sidebar":"0","ocean_disable_margins":"enable","ocean_add_body_class":"","ocean_shortcode_before_top_bar":"","ocean_shortcode_after_top_bar":"","ocean_shortcode_before_header":"","ocean_shortcode_after_header":"","ocean_has_shortcode":"","ocean_shortcode_after_title":"","ocean_shortcode_before_footer_widgets":"","ocean_shortcode_after_footer_widgets":"","ocean_shortcode_before_footer_bottom":"","ocean_shortcode_after_footer_bottom":"","ocean_display_top_bar":"on","ocean_display_header":"on","ocean_header_style":"","ocean_center_header_left_menu":"0","ocean_custom_header_template":"0","ocean_custom_logo":0,"ocean_custom_retina_logo":0,"ocean_custom_logo_max_width":0,"ocean_custom_logo_tablet_max_width":0,"ocean_custom_logo_mobile_max_width":0,"ocean_custom_logo_max_height":0,"ocean_custom_logo_tablet_max_height":0,"ocean_custom_logo_mobile_max_height":0,"ocean_header_custom_menu":"0","ocean_menu_typo_font_family":"0","ocean_menu_typo_font_subset":"","ocean_menu_typo_font_size":0,"ocean_menu_typo_font_size_tablet":0,"ocean_menu_typo_font_size_mobile":0,"ocean_menu_typo_font_size_unit":"px","ocean_menu_typo_font_weight":"","ocean_menu_typo_font_weight_tablet":"","ocean_menu_typo_font_weight_mobile":"","ocean_menu_typo_transform":"","ocean_menu_typo_transform_tablet":"","ocean_menu_typo_transform_mobile":"","ocean_menu_typo_line_height":0,"ocean_menu_typo_line_height_tablet":0,"ocean_menu_typo_line_height_mobile":0,"ocean_menu_typo_line_height_unit":"","ocean_menu_typo_spacing":0,"ocean_menu_typo_spacing_tablet":0,"ocean_menu_typo_spacing_mobile":0,"ocean_menu_typo_spacing_unit":"","ocean_menu_link_color":"","ocean_menu_link_color_hover":"","ocean_menu_link_color_active":"","ocean_menu_link_background":"","ocean_menu_link_hover_background":"","ocean_menu_link_active_background":"","ocean_menu_social_links_bg":"","ocean_menu_social_hover_links_bg":"","ocean_menu_social_links_color":"","ocean_menu_social_hover_links_color":"","ocean_disable_title":"on","ocean_disable_heading":"on","ocean_post_title":"","ocean_post_subheading":"","ocean_post_title_style":"","ocean_post_title_background_color":"","ocean_post_title_background":0,"ocean_post_title_bg_image_position":"","ocean_post_title_bg_image_attachment":"","ocean_post_title_bg_image_repeat":"","ocean_post_title_bg_image_size":"","ocean_post_title_height":0,"ocean_post_title_bg_overlay":0.5,"ocean_post_title_bg_overlay_color":"","ocean_disable_breadcrumbs":"default","ocean_breadcrumbs_color":"","ocean_breadcrumbs_separator_color":"","ocean_breadcrumbs_links_color":"","ocean_breadcrumbs_links_hover_color":"","ocean_display_footer_widgets":"default","ocean_display_footer_bottom":"default","ocean_custom_footer_template":"0","footnotes":""},"class_list":["post-75","page","type-page","status-publish","hentry","entry"],"_links":{"self":[{"href":"https:\/\/unterpfarre.de\/index.php?rest_route=\/wp\/v2\/pages\/75","targetHints":{"allow":["GET"]}}],"collection":[{"href":"https:\/\/unterpfarre.de\/index.php?rest_route=\/wp\/v2\/pages"}],"about":[{"href":"https:\/\/unterpfarre.de\/index.php?rest_route=\/wp\/v2\/types\/page"}],"author":[{"embeddable":true,"href":"https:\/\/unterpfarre.de\/index.php?rest_route=\/wp\/v2\/users\/1"}],"replies":[{"embeddable":true,"href":"https:\/\/unterpfarre.de\/index.php?rest_route=%2Fwp%2Fv2%2Fcomments&post=75"}],"version-history":[{"count":122,"href":"https:\/\/unterpfarre.de\/index.php?rest_route=\/wp\/v2\/pages\/75\/revisions"}],"predecessor-version":[{"id":1220,"href":"https:\/\/unterpfarre.de\/index.php?rest_route=\/wp\/v2\/pages\/75\/revisions\/1220"}],"wp:attachment":[{"href":"https:\/\/unterpfarre.de\/index.php?rest_route=%2Fwp%2Fv2%2Fmedia&parent=75"}],"curies":[{"name":"wp","href":"https:\/\/api.w.org\/{rel}","templated":true}]}}